{"id":485,"date":"2024-05-11T16:00:43","date_gmt":"2024-05-11T16:00:43","guid":{"rendered":"https:\/\/zetunas.com\/?page_id=485"},"modified":"2024-08-04T20:28:53","modified_gmt":"2024-08-04T20:28:53","slug":"yatirim-tesvik-hizmetleri","status":"publish","type":"page","link":"https:\/\/zetunas.com\/index.php\/yatirim-tesvik-hizmetleri\/","title":{"rendered":"Yat\u0131r\u0131m Te\u015fvik Hizmetleri"},"content":{"rendered":"\t\t<div data-elementor-type=\"wp-page\" data-elementor-id=\"485\" class=\"elementor elementor-485\">\n\t\t\t\t\t\t<section class=\"elementor-section elementor-top-section elementor-element elementor-element-a80288e elementor-section-content-middle elementor-reverse-tablet elementor-reverse-mobile elementor-section-boxed elementor-section-height-default elementor-section-height-default\" data-id=\"a80288e\" data-element_type=\"section\" data-e-type=\"section\">\n\t\t\t\t\t\t<div class=\"elementor-container elementor-column-gap-default\">\n\t\t\t\t\t<div class=\"aux-parallax-section elementor-column elementor-col-50 elementor-top-column elementor-element elementor-element-95439be\" data-id=\"95439be\" data-element_type=\"column\" data-e-type=\"column\">\n\t\t\t<div class=\"elementor-widget-wrap elementor-element-populated\">\n\t\t\t\t\t\t<div class=\"elementor-element elementor-element-6f9d68e aux-appear-watch-animation aux-fade-in-up-1 elementor-widget elementor-widget-aux_modern_heading\" data-id=\"6f9d68e\" data-element_type=\"widget\" data-e-type=\"widget\" data-widget_type=\"aux_modern_heading.default\">\n\t\t\t\t<div class=\"elementor-widget-container\">\n\t\t\t\t\t<section class=\"aux-widget-modern-heading\">\n            <div class=\"aux-widget-inner\"><h2 class=\"aux-modern-heading-primary\">H\u0130ZMETLER\u0130M\u0130Z<\/h2><h3 class=\"aux-modern-heading-secondary\"><span class=\"aux-head-before\">Yat\u0131r\u0131m Te\u015fvik Hizmetleri<\/span><\/h3><\/div>\n        <\/section>\t\t\t\t<\/div>\n\t\t\t\t<\/div>\n\t\t\t\t<div class=\"elementor-element elementor-element-eebe077 aux-appear-watch-animation aux-fade-in-up-1 elementor-widget elementor-widget-text-editor\" data-id=\"eebe077\" data-element_type=\"widget\" data-e-type=\"widget\" data-widget_type=\"text-editor.default\">\n\t\t\t\t<div class=\"elementor-widget-container\">\n\t\t\t\t\t\t\t\t\t<p>Devlet taraf\u0131ndan belirlenen kalk\u0131nma planlar\u0131 kapsam\u0131nda i\u015fletmelerin belirli hedefleri yakalanmas\u0131 amac\u0131yla uygulanan te\u015fvik ara\u00e7lar\u0131ndan biri de yat\u0131r\u0131m te\u015fvik sistemidir. Bizler hem s\u0131f\u0131rdan planlanan yat\u0131r\u0131mlar\u0131n hem kapasite art\u0131r\u0131mlar\u0131n\u0131n hem de modernizasyon gibi yat\u0131r\u0131mlar\u0131n ilk maliyetlerini azaltmak ve daha aza indirgemek ad\u0131na te\u015fvik belgesi kapsam\u0131nda yat\u0131r\u0131m\u0131n getirilerinin h\u0131zland\u0131r\u0131lmas\u0131n\u0131 destekleyen bu yat\u0131r\u0131m programlar\u0131ndan, i\u015fletmelerin en kapsaml\u0131 \u015fekilde yararlanmas\u0131n\u0131 sa\u011flayan dan\u0131\u015fmanl\u0131k hizmetleri sunmaktay\u0131z.<br \/>Te\u015fvik birimimiz ile siz de\u011ferleri i\u015f ortaklar\u0131m\u0131z i\u00e7in zaman\u0131nda ve en uygun te\u015fvik unsurlar\u0131n\u0131 hizmetinize sunarak yerel ve uluslararas\u0131 piyasalarda rekabet avantaj\u0131 sa\u011fl\u0131yoruz.<br \/>Hizmet sundu\u011fumuz te\u015fvik alanlar\u0131;<br \/>\u2022 Yat\u0131r\u0131m Te\u015fvikleri<br \/>\u2022 \u0130hracat Destekleri<br \/>\u2022 Ar-Ge ve Tasar\u0131m Merkezi<\/p>\t\t\t\t\t\t\t\t<\/div>\n\t\t\t\t<\/div>\n\t\t\t\t\t<\/div>\n\t\t<\/div>\n\t\t\t\t<div class=\"aux-parallax-section elementor-column elementor-col-50 elementor-top-column elementor-element elementor-element-19cd0f9\" data-id=\"19cd0f9\" data-element_type=\"column\" data-e-type=\"column\">\n\t\t\t<div class=\"elementor-widget-wrap elementor-element-populated\">\n\t\t\t\t\t\t<div class=\"elementor-element elementor-element-5578be6 aux-appear-watch-animation aux-scale-up-1 elementor-widget elementor-widget-aux_image\" data-id=\"5578be6\" data-element_type=\"widget\" data-e-type=\"widget\" data-widget_type=\"aux_image.default\">\n\t\t\t\t<div class=\"elementor-widget-container\">\n\t\t\t\t\t<section class=\"widget-container aux-widget-image aux-alignnone aux-parent-aude59ad47\">\n    <div class=\"aux-media-hint-frame \">\n        <div class=\"aux-media-image \" >\n        \n            \n\n            \n            <img fetchpriority=\"high\" decoding=\"async\" width=\"400\" height=\"267\" src=\"data:image\/gif;base64,R0lGODlhAQABAIAAAAAAAP\/\/\/yH5BAEAAAAALAAAAAABAAEAAAIBRAA7\" class=\"aux-attachment aux-featured-image aux-attachment-id-494 aux-preload aux-blank\" alt=\"img10\" data-ratio=\"1.5\" data-original-w=\"400\" data-src=\"https:\/\/zetunas.com\/wp-content\/uploads\/2024\/05\/img10-e1722016465590.jpg\" \/>            \n                <\/div>\n    <\/div>\n\n<\/section><!-- widget-container -->\t\t\t\t<\/div>\n\t\t\t\t<\/div>\n\t\t\t\t\t<\/div>\n\t\t<\/div>\n\t\t\t\t\t<\/div>\n\t\t<\/section>\n\t\t\t\t<section class=\"elementor-section elementor-top-section elementor-element elementor-element-ac3e6c9 elementor-section-boxed elementor-section-height-default elementor-section-height-default\" data-id=\"ac3e6c9\" data-element_type=\"section\" data-e-type=\"section\">\n\t\t\t\t\t\t<div class=\"elementor-container elementor-column-gap-default\">\n\t\t\t\t\t<div class=\"aux-parallax-section elementor-column elementor-col-50 elementor-top-column elementor-element elementor-element-d99feb7\" data-id=\"d99feb7\" data-element_type=\"column\" data-e-type=\"column\">\n\t\t\t<div class=\"elementor-widget-wrap elementor-element-populated\">\n\t\t\t\t\t\t<div class=\"elementor-element elementor-element-0d547af aux-appear-watch-animation aux-fade-in-up-1 elementor-widget elementor-widget-aux_text\" data-id=\"0d547af\" data-element_type=\"widget\" data-e-type=\"widget\" data-widget_type=\"aux_text.default\">\n\t\t\t\t<div class=\"elementor-widget-container\">\n\t\t\t\t\t<section class=\"widget-container aux-widget-text aux-parent-au7cb6a1ec\">        <div class=\"aux-widget-advanced-text aux-wrap-style-simple aux-ico-pos-left aux-text-left aux-text-resp- aux-text-color-dark aux-text-widget-bg-center  aux-text-padding-fix \" >\n        \n                            <div class=\"aux-text-widget-header \"  >\n                        <div class=\"aux-ico-box aux-ico-large aux-ico-shape-circle aux-ico-clear \">\n                            <i aria-hidden=\"true\" class=\"aux-ico auxicon auxicon-money\"><\/i>                        <\/div>\n                <\/div>\n            \n            <div class=\"aux-text-inner aux-text-widget-content\">\n                                <h4 class=\"col-title\"><a href=\"https:\/\/zetunas.com\/index.php\/vergi-danismanligi\/\">Vergi <\/br>Dan\u0131\u015fmanl\u0131\u011f\u0131<\/a><\/h4>\n                                <div class=\"widget-content\">\n                                        <p>G\u00fcncel mali mevzuat ve d\u00fczenlemeler konusunda edinilen bilgi ve deneyimler \u0131\u015f\u0131\u011f\u0131nda i\u015f ortaklar\u0131m\u0131za destek olmaktay\u0131z.<\/p>                <\/div>\n                            <\/div>\n        <\/div>\n                    <div class=\"aux-text-widget-footer\">\n                <div class=\"aux-border-shape-none \">\n                                <\/div>\n            <\/div>\n        \n<\/section><!-- widget-container -->\t\t\t\t<\/div>\n\t\t\t\t<\/div>\n\t\t\t\t<div class=\"elementor-element elementor-element-e485f26 aux-appear-watch-animation aux-fade-in-up-1 elementor-widget elementor-widget-aux_text\" data-id=\"e485f26\" data-element_type=\"widget\" data-e-type=\"widget\" data-widget_type=\"aux_text.default\">\n\t\t\t\t<div class=\"elementor-widget-container\">\n\t\t\t\t\t<section class=\"widget-container aux-widget-text aux-parent-au9c550004\">        <div class=\"aux-widget-advanced-text aux-wrap-style-simple aux-ico-pos-left aux-text-left aux-text-resp- aux-text-color-dark aux-text-widget-bg-center  aux-text-padding-fix \" >\n        \n                            <div class=\"aux-text-widget-header \"  >\n                        <div class=\"aux-ico-box aux-ico-large aux-ico-shape-circle aux-ico-clear \">\n                            <i aria-hidden=\"true\" class=\"aux-ico auxicon auxicon-stamp-streamline\"><\/i>                        <\/div>\n                <\/div>\n            \n            <div class=\"aux-text-inner aux-text-widget-content\">\n                                <h4 class=\"col-title\"><a href=\"https:\/\/zetunas.com\/index.php\/denetim-ve-tasdik-hizmetleri\/\">Denetim ve Tasdik Hizmetleri<\/a><\/h4>\n                                <div class=\"widget-content\">\n                                        <p>Vergi denetim ve tasdik hizmetlerimiz, sizlerin vergi kanunlar\u0131 ile uyum konusunda kendinizi g\u00fcvende hissetmenizi sa\u011flar.<\/p>                <\/div>\n                            <\/div>\n        <\/div>\n                    <div class=\"aux-text-widget-footer\">\n                <div class=\"aux-border-shape-none \">\n                                <\/div>\n            <\/div>\n        \n<\/section><!-- widget-container -->\t\t\t\t<\/div>\n\t\t\t\t<\/div>\n\t\t\t\t<div class=\"elementor-element elementor-element-c5331c5 aux-appear-watch-animation aux-fade-in-up-1 elementor-widget elementor-widget-aux_text\" data-id=\"c5331c5\" data-element_type=\"widget\" data-e-type=\"widget\" data-widget_type=\"aux_text.default\">\n\t\t\t\t<div class=\"elementor-widget-container\">\n\t\t\t\t\t<section class=\"widget-container aux-widget-text aux-parent-au82623f3d\">        <div class=\"aux-widget-advanced-text aux-wrap-style-simple aux-ico-pos-left aux-text-left aux-text-resp- aux-text-color-dark aux-text-widget-bg-center  aux-text-padding-fix \" >\n        \n                            <div class=\"aux-text-widget-header \"  >\n                        <div class=\"aux-ico-box aux-ico-large aux-ico-shape-circle aux-ico-clear \">\n                            <i aria-hidden=\"true\" class=\"aux-ico fas fa-globe\"><\/i>                        <\/div>\n                <\/div>\n            \n            <div class=\"aux-text-inner aux-text-widget-content\">\n                                <h4 class=\"col-title\"><a href=\"https:\/\/zetunas.com\/index.php\/sirket-hukuku-birlesmeler\/\">\u015eirketler Hukuku ve Birle\u015fmeler<\/a><\/h4>\n                                <div class=\"widget-content\">\n                                        <p>Hisse devri, malvarl\u0131\u011f\u0131 sat\u0131\u015f\u0131, \u015firket b\u00f6l\u00fcnmesi, \u015firket birle\u015fmesi alanlar\u0131nda profesyonel deste\u011fimiz ile yan\u0131n\u0131zday\u0131z.<\/p>                <\/div>\n                            <\/div>\n        <\/div>\n                    <div class=\"aux-text-widget-footer\">\n                <div class=\"aux-border-shape-none \">\n                                <\/div>\n            <\/div>\n        \n<\/section><!-- widget-container -->\t\t\t\t<\/div>\n\t\t\t\t<\/div>\n\t\t\t\t<div class=\"elementor-element elementor-element-28edc01 aux-appear-watch-animation aux-fade-in-up-1 elementor-widget elementor-widget-aux_text\" data-id=\"28edc01\" data-element_type=\"widget\" data-e-type=\"widget\" data-widget_type=\"aux_text.default\">\n\t\t\t\t<div class=\"elementor-widget-container\">\n\t\t\t\t\t<section class=\"widget-container aux-widget-text aux-parent-au608b99a7\">        <div class=\"aux-widget-advanced-text aux-wrap-style-simple aux-ico-pos-left aux-text-left aux-text-resp- aux-text-color-dark aux-text-widget-bg-center  aux-text-padding-fix \" >\n        \n                            <div class=\"aux-text-widget-header \"  >\n                        <div class=\"aux-ico-box aux-ico-large aux-ico-shape-circle aux-ico-clear \">\n                            <i aria-hidden=\"true\" class=\"aux-ico auxicon auxicon-explore\"><\/i>                        <\/div>\n                <\/div>\n            \n            <div class=\"aux-text-inner aux-text-widget-content\">\n                                <h4 class=\"col-title\"><a href=\"https:\/\/zetunas.com\/index.php\/yatirim-tesvik-hizmetleri\/\">Yat\u0131r\u0131m Te\u015fvik Hizmetleri<\/a><\/h4>\n                                <div class=\"widget-content\">\n                                        <p>Zaman\u0131nda ve en uygun te\u015fvik unsurlar\u0131n\u0131 hizmetinize sunarak yerel ve uluslararas\u0131 piyasalarda rekabet avantaj\u0131 sa\u011fl\u0131yoruz.<\/p>                <\/div>\n                            <\/div>\n        <\/div>\n                    <div class=\"aux-text-widget-footer\">\n                <div class=\"aux-border-shape-none \">\n                                <\/div>\n            <\/div>\n        \n<\/section><!-- widget-container -->\t\t\t\t<\/div>\n\t\t\t\t<\/div>\n\t\t\t\t\t<\/div>\n\t\t<\/div>\n\t\t\t\t<div class=\"aux-parallax-section elementor-column elementor-col-50 elementor-top-column elementor-element elementor-element-1410e7f\" data-id=\"1410e7f\" data-element_type=\"column\" data-e-type=\"column\">\n\t\t\t<div class=\"elementor-widget-wrap elementor-element-populated\">\n\t\t\t\t\t\t<div class=\"elementor-element elementor-element-16f1305 aux-appear-watch-animation aux-fade-in-up-1 elementor-widget elementor-widget-aux_text\" data-id=\"16f1305\" data-element_type=\"widget\" data-e-type=\"widget\" data-widget_type=\"aux_text.default\">\n\t\t\t\t<div class=\"elementor-widget-container\">\n\t\t\t\t\t<section class=\"widget-container aux-widget-text aux-parent-au61c5f367\">        <div class=\"aux-widget-advanced-text aux-wrap-style-simple aux-ico-pos-left aux-text-left aux-text-resp- aux-text-color-dark aux-text-widget-bg-center  aux-text-padding-fix \" >\n        \n                            <div class=\"aux-text-widget-header \"  >\n                        <div class=\"aux-ico-box aux-ico-large aux-ico-shape-circle aux-ico-clear \">\n                            <i aria-hidden=\"true\" class=\"aux-ico auxicon auxicon-law\"><\/i>                        <\/div>\n                <\/div>\n            \n            <div class=\"aux-text-inner aux-text-widget-content\">\n                                <h4 class=\"col-title\"><a href=\"https:\/\/zetunas.com\/index.php\/vergi-davalari\/\">Vergi \u0130htilaflar\u0131 ve Davalar\u0131<\/a><\/h4>\n                                <div class=\"widget-content\">\n                                        <p>\u0130\u015f ortaklar\u0131m\u0131z\u0131n vergi incelemeleri ve uyu\u015fmazl\u0131klar\u0131 s\u00fcrecini profesyonel yakla\u015f\u0131m\u0131m\u0131zla en uygun \u015fartlar\u0131 sa\u011flayacak \u015fekilde y\u00f6netiyoruz.<\/p>                <\/div>\n                            <\/div>\n        <\/div>\n                    <div class=\"aux-text-widget-footer\">\n                <div class=\"aux-border-shape-none \">\n                                <\/div>\n            <\/div>\n        \n<\/section><!-- widget-container -->\t\t\t\t<\/div>\n\t\t\t\t<\/div>\n\t\t\t\t<div class=\"elementor-element elementor-element-7d2980f aux-appear-watch-animation aux-fade-in-up-1 elementor-widget elementor-widget-aux_text\" data-id=\"7d2980f\" data-element_type=\"widget\" data-e-type=\"widget\" data-widget_type=\"aux_text.default\">\n\t\t\t\t<div class=\"elementor-widget-container\">\n\t\t\t\t\t<section class=\"widget-container aux-widget-text aux-parent-au0c4d9271\">        <div class=\"aux-widget-advanced-text aux-wrap-style-simple aux-ico-pos-left aux-text-left aux-text-resp- aux-text-color-dark aux-text-widget-bg-center  aux-text-padding-fix \" >\n        \n                            <div class=\"aux-text-widget-header \"  >\n                        <div class=\"aux-ico-box aux-ico-large aux-ico-shape-circle aux-ico-clear \">\n                                                                <span class=\"aux-ico auxicon-time\" > <\/span>\n                                                            <\/div>\n                <\/div>\n            \n            <div class=\"aux-text-inner aux-text-widget-content\">\n                                <h4 class=\"col-title\"><a href=\"https:\/\/zetunas.com\/index.php\/kdv-otv-hizmetleri\/\">KDV, \u00d6TV Ve Di\u011fer Dolayl\u0131 Vergiler<\/a><\/h4>\n                                <div class=\"widget-content\">\n                                        <p>KDV ve \u00d6TV muafiyet, istisna, indirim ve iade gibi haklar\u0131n zaman\u0131nda yerine getirilmesi i\u00e7in profesyonel deste\u011fimizden yararlanabilirsiniz.<\/p>                <\/div>\n                            <\/div>\n        <\/div>\n                    <div class=\"aux-text-widget-footer\">\n                <div class=\"aux-border-shape-none \">\n                                <\/div>\n            <\/div>\n        \n<\/section><!-- widget-container -->\t\t\t\t<\/div>\n\t\t\t\t<\/div>\n\t\t\t\t<div class=\"elementor-element elementor-element-299b7c8 aux-appear-watch-animation aux-fade-in-up-1 elementor-widget elementor-widget-aux_text\" data-id=\"299b7c8\" data-element_type=\"widget\" data-e-type=\"widget\" data-widget_type=\"aux_text.default\">\n\t\t\t\t<div class=\"elementor-widget-container\">\n\t\t\t\t\t<section class=\"widget-container aux-widget-text aux-parent-auacaf556d\">        <div class=\"aux-widget-advanced-text aux-wrap-style-simple aux-ico-pos-left aux-text-left aux-text-resp- aux-text-color-dark aux-text-widget-bg-center  aux-text-padding-fix \" >\n        \n                            <div class=\"aux-text-widget-header \"  >\n                        <div class=\"aux-ico-box aux-ico-large aux-ico-shape-circle aux-ico-clear \">\n                            <i aria-hidden=\"true\" class=\"aux-ico auxicon auxicon-computer-imac\"><\/i>                        <\/div>\n                <\/div>\n            \n            <div class=\"aux-text-inner aux-text-widget-content\">\n                                <h4 class=\"col-title\"><a href=\"https:\/\/zetunas.com\/index.php\/muhasebe-mali-sistemler\/\">Muhasebe ve Mali Sistemler<\/a><\/h4>\n                                <div class=\"widget-content\">\n                                        <p>\u0130\u015fletmenize uygun muhasebe ve mali sistemlere y\u00f6nelik yenilik\u00e7i \u00f6nerilerimiz ile yan\u0131n\u0131zday\u0131z.<\/p>                <\/div>\n                            <\/div>\n        <\/div>\n                    <div class=\"aux-text-widget-footer\">\n                <div class=\"aux-border-shape-none \">\n                                <\/div>\n            <\/div>\n        \n<\/section><!-- widget-container -->\t\t\t\t<\/div>\n\t\t\t\t<\/div>\n\t\t\t\t<div class=\"elementor-element elementor-element-21d2b87 aux-appear-watch-animation aux-fade-in-up-1 elementor-widget elementor-widget-aux_text\" data-id=\"21d2b87\" data-element_type=\"widget\" data-e-type=\"widget\" data-widget_type=\"aux_text.default\">\n\t\t\t\t<div class=\"elementor-widget-container\">\n\t\t\t\t\t<section class=\"widget-container aux-widget-text aux-parent-au1e719731\">        <div class=\"aux-widget-advanced-text aux-wrap-style-simple aux-ico-pos-left aux-text-left aux-text-resp- aux-text-color-dark aux-text-widget-bg-center  aux-text-padding-fix \" >\n        \n                            <div class=\"aux-text-widget-header \"  >\n                        <div class=\"aux-ico-box aux-ico-large aux-ico-shape-circle aux-ico-clear \">\n                            <i aria-hidden=\"true\" class=\"aux-ico auxicon auxicon-box-2\"><\/i>                        <\/div>\n                <\/div>\n            \n            <div class=\"aux-text-inner aux-text-widget-content\">\n                                <h4 class=\"col-title\"><a href=\"https:\/\/zetunas.com\/index.php\/gumruk-ve-dis-ticaret-danismanligi\/\">G\u00fcmr\u00fck ve D\u0131\u015f Ticaret Dan\u0131\u015fmanl\u0131\u011f\u0131<\/a><\/h4>\n                                <div class=\"widget-content\">\n                                        <p>G\u00fcmr\u00fck ve d\u0131\u015f ticaret i\u015flemlerinizde profesyonel ekibimiz ile destek vermeye haz\u0131r\u0131z.\u00a0<\/p>                <\/div>\n                            <\/div>\n        <\/div>\n                    <div class=\"aux-text-widget-footer\">\n                <div class=\"aux-border-shape-none \">\n                                <\/div>\n            <\/div>\n        \n<\/section><!-- widget-container -->\t\t\t\t<\/div>\n\t\t\t\t<\/div>\n\t\t\t\t\t<\/div>\n\t\t<\/div>\n\t\t\t\t\t<\/div>\n\t\t<\/section>\n\t\t\t\t<\/div>\n\t\t","protected":false},"excerpt":{"rendered":"<p>H\u0130ZMETLER\u0130M\u0130Z Yat\u0131r\u0131m Te\u015fvik Hizmetleri Devlet taraf\u0131ndan belirlenen kalk\u0131nma planlar\u0131 kapsam\u0131nda i\u015fletmelerin belirli hedefleri yakalanmas\u0131 amac\u0131yla uygulanan te\u015fvik ara\u00e7lar\u0131ndan biri de yat\u0131r\u0131m te\u015fvik sistemidir. Bizler hem s\u0131f\u0131rdan planlanan yat\u0131r\u0131mlar\u0131n hem kapasite art\u0131r\u0131mlar\u0131n\u0131n hem de modernizasyon gibi yat\u0131r\u0131mlar\u0131n ilk maliyetlerini azaltmak ve daha aza indirgemek ad\u0131na te\u015fvik belgesi kapsam\u0131nda yat\u0131r\u0131m\u0131n getirilerinin h\u0131zland\u0131r\u0131lmas\u0131n\u0131 destekleyen bu yat\u0131r\u0131m programlar\u0131ndan, i\u015fletmelerin [&hellip;]<\/p>\n","protected":false},"author":1,"featured_media":0,"parent":0,"menu_order":0,"comment_status":"closed","ping_status":"closed","template":"templates\/page-builder-content.php","meta":{"footnotes":""},"class_list":["post-485","page","type-page","status-publish","hentry"],"_links":{"self":[{"href":"https:\/\/zetunas.com\/index.php\/wp-json\/wp\/v2\/pages\/485","targetHints":{"allow":["GET"]}}],"collection":[{"href":"https:\/\/zetunas.com\/index.php\/wp-json\/wp\/v2\/pages"}],"about":[{"href":"https:\/\/zetunas.com\/index.php\/wp-json\/wp\/v2\/types\/page"}],"author":[{"embeddable":true,"href":"https:\/\/zetunas.com\/index.php\/wp-json\/wp\/v2\/users\/1"}],"replies":[{"embeddable":true,"href":"https:\/\/zetunas.com\/index.php\/wp-json\/wp\/v2\/comments?post=485"}],"version-history":[{"count":16,"href":"https:\/\/zetunas.com\/index.php\/wp-json\/wp\/v2\/pages\/485\/revisions"}],"predecessor-version":[{"id":1125,"href":"https:\/\/zetunas.com\/index.php\/wp-json\/wp\/v2\/pages\/485\/revisions\/1125"}],"wp:attachment":[{"href":"https:\/\/zetunas.com\/index.php\/wp-json\/wp\/v2\/media?parent=485"}],"curies":[{"name":"wp","href":"https:\/\/api.w.org\/{rel}","templated":true}]}}