{"id":461,"date":"2024-05-11T15:49:39","date_gmt":"2024-05-11T15:49:39","guid":{"rendered":"https:\/\/zetunas.com\/?page_id=461"},"modified":"2024-08-04T20:27:29","modified_gmt":"2024-08-04T20:27:29","slug":"sirket-hukuku-birlesmeler","status":"publish","type":"page","link":"https:\/\/zetunas.com\/index.php\/sirket-hukuku-birlesmeler\/","title":{"rendered":"\u015eirket Hukuku ve Birle\u015fmeler"},"content":{"rendered":"\t\t<div data-elementor-type=\"wp-page\" data-elementor-id=\"461\" class=\"elementor elementor-461\">\n\t\t\t\t\t\t<section class=\"elementor-section elementor-top-section elementor-element elementor-element-a80288e elementor-section-content-middle elementor-reverse-tablet elementor-reverse-mobile elementor-section-boxed elementor-section-height-default elementor-section-height-default\" data-id=\"a80288e\" data-element_type=\"section\" data-e-type=\"section\">\n\t\t\t\t\t\t<div class=\"elementor-container elementor-column-gap-default\">\n\t\t\t\t\t<div class=\"aux-parallax-section elementor-column elementor-col-50 elementor-top-column elementor-element elementor-element-95439be\" data-id=\"95439be\" data-element_type=\"column\" data-e-type=\"column\">\n\t\t\t<div class=\"elementor-widget-wrap elementor-element-populated\">\n\t\t\t\t\t\t<div class=\"elementor-element elementor-element-6f9d68e aux-appear-watch-animation aux-fade-in-up-1 elementor-widget elementor-widget-aux_modern_heading\" data-id=\"6f9d68e\" data-element_type=\"widget\" data-e-type=\"widget\" data-widget_type=\"aux_modern_heading.default\">\n\t\t\t\t<div class=\"elementor-widget-container\">\n\t\t\t\t\t<section class=\"aux-widget-modern-heading\">\n            <div class=\"aux-widget-inner\"><h2 class=\"aux-modern-heading-primary\">H\u0130ZMETLER\u0130M\u0130Z<\/h2><h3 class=\"aux-modern-heading-secondary\"><span class=\"aux-head-before\">\u015eirketler Hukuku <span style=\"text-transform:lowercase\">ve<\/span> Birle\u015fmeler<\/span><\/h3><\/div>\n        <\/section>\t\t\t\t<\/div>\n\t\t\t\t<\/div>\n\t\t\t\t<div class=\"elementor-element elementor-element-eebe077 aux-appear-watch-animation aux-fade-in-up-1 elementor-widget elementor-widget-text-editor\" data-id=\"eebe077\" data-element_type=\"widget\" data-e-type=\"widget\" data-widget_type=\"text-editor.default\">\n\t\t\t\t<div class=\"elementor-widget-container\">\n\t\t\t\t\t\t\t\t\t<p>\u015eirketler verimlili\u011fi ve karl\u0131l\u0131\u011f\u0131n\u0131 artt\u0131rmak rekabeti azaltmak, hammadde tedarikinin d\u00fczenlili\u011fini sa\u011flamak, masraflar\u0131 azaltmak vb. nedenlerle ba\u015fka bir \u015firketin b\u00fcnyesine dahil olabilir veya birle\u015ferek yeni bir \u015firket olu\u015fturabilirler. Bir \u015firketin y\u00f6netiminin ve kontrol\u00fcn\u00fcn k\u0131smen ya da tamamen ba\u015fka bir \u015firketin kontrol\u00fcne b\u0131rak\u0131lmas\u0131, birle\u015fme ve devralmalar\u0131n ana konusunu olu\u015fturmaktad\u0131r. \u015eirket Birle\u015fmelerinde, \u015firketlerden en az birinin t\u00fczel ki\u015fili\u011fi sona ermekte ve t\u00fcm mallar\u0131 aktifleriyle ve pasifleriyle birlikte (alacaklar\u0131 ve bor\u00e7lar\u0131 da dahil) devralan \u015firkete ge\u00e7mektedir. Bu husus bir i\u015fletmenin veya bu i\u015fletmeyi temsil eden hisselerin m\u00fclkiyetinin el de\u011fi\u015ftirmesi \u015feklinde, hisse devri, malvarl\u0131\u011f\u0131 sat\u0131\u015f\u0131, \u015firket b\u00f6l\u00fcnmesi, \u015firket birle\u015fmesi gibi birden \u00e7ok y\u00f6ntemle ger\u00e7ekle\u015febilir. T\u00fcrk ticaret uygulamas\u0131nda en \u00e7ok g\u00f6r\u00fclen ve uygulanan birle\u015fme ve devralma modeli hisse devri \u015feklinde yap\u0131lan modeldir.<\/p>\t\t\t\t\t\t\t\t<\/div>\n\t\t\t\t<\/div>\n\t\t\t\t\t<\/div>\n\t\t<\/div>\n\t\t\t\t<div class=\"aux-parallax-section elementor-column elementor-col-50 elementor-top-column elementor-element elementor-element-19cd0f9\" data-id=\"19cd0f9\" data-element_type=\"column\" data-e-type=\"column\">\n\t\t\t<div class=\"elementor-widget-wrap elementor-element-populated\">\n\t\t\t\t\t\t<div class=\"elementor-element elementor-element-5578be6 aux-appear-watch-animation aux-scale-up-1 elementor-widget elementor-widget-aux_image\" data-id=\"5578be6\" data-element_type=\"widget\" data-e-type=\"widget\" data-widget_type=\"aux_image.default\">\n\t\t\t\t<div class=\"elementor-widget-container\">\n\t\t\t\t\t<section class=\"widget-container aux-widget-image aux-alignnone aux-parent-au619d01ca\">\n    <div class=\"aux-media-hint-frame \">\n        <div class=\"aux-media-image \" >\n        \n            \n\n            \n            <img fetchpriority=\"high\" decoding=\"async\" width=\"941\" height=\"629\" src=\"data:image\/gif;base64,R0lGODlhAQABAIAAAAAAAP\/\/\/yH5BAEAAAAALAAAAAABAAEAAAIBRAA7\" class=\"aux-attachment aux-featured-image aux-attachment-id-467 aux-preload aux-blank\" alt=\"img8\" data-ratio=\"1.5\" data-original-w=\"941\" data-src=\"https:\/\/zetunas.com\/wp-content\/uploads\/2024\/05\/img8.jpg\" \/>            \n                <\/div>\n    <\/div>\n\n<\/section><!-- widget-container -->\t\t\t\t<\/div>\n\t\t\t\t<\/div>\n\t\t\t\t\t<\/div>\n\t\t<\/div>\n\t\t\t\t\t<\/div>\n\t\t<\/section>\n\t\t\t\t<section class=\"elementor-section elementor-top-section elementor-element elementor-element-aeaacdf elementor-section-boxed elementor-section-height-default elementor-section-height-default\" data-id=\"aeaacdf\" data-element_type=\"section\" data-e-type=\"section\">\n\t\t\t\t\t\t<div class=\"elementor-container elementor-column-gap-default\">\n\t\t\t\t\t<div class=\"aux-parallax-section elementor-column elementor-col-50 elementor-top-column elementor-element elementor-element-e381278\" data-id=\"e381278\" data-element_type=\"column\" data-e-type=\"column\">\n\t\t\t<div class=\"elementor-widget-wrap elementor-element-populated\">\n\t\t\t\t\t\t<div class=\"elementor-element elementor-element-bd8c7fe aux-appear-watch-animation aux-fade-in-up-1 elementor-widget elementor-widget-aux_text\" data-id=\"bd8c7fe\" data-element_type=\"widget\" data-e-type=\"widget\" data-widget_type=\"aux_text.default\">\n\t\t\t\t<div class=\"elementor-widget-container\">\n\t\t\t\t\t<section class=\"widget-container aux-widget-text aux-parent-au0c104901\">        <div class=\"aux-widget-advanced-text aux-wrap-style-simple aux-ico-pos-left aux-text-left aux-text-resp- aux-text-color-dark aux-text-widget-bg-center  aux-text-padding-fix \" >\n        \n                            <div class=\"aux-text-widget-header \"  >\n                        <div class=\"aux-ico-box aux-ico-large aux-ico-shape-circle aux-ico-clear \">\n                            <i aria-hidden=\"true\" class=\"aux-ico auxicon auxicon-money\"><\/i>                        <\/div>\n                <\/div>\n            \n            <div class=\"aux-text-inner aux-text-widget-content\">\n                                <h4 class=\"col-title\"><a href=\"https:\/\/zetunas.com\/index.php\/vergi-danismanligi\/\">Vergi <\/br>Dan\u0131\u015fmanl\u0131\u011f\u0131<\/a><\/h4>\n                                <div class=\"widget-content\">\n                                        <p>G\u00fcncel mali mevzuat ve d\u00fczenlemeler konusunda edinilen bilgi ve deneyimler \u0131\u015f\u0131\u011f\u0131nda i\u015f ortaklar\u0131m\u0131za destek olmaktay\u0131z.<\/p>                <\/div>\n                            <\/div>\n        <\/div>\n                    <div class=\"aux-text-widget-footer\">\n                <div class=\"aux-border-shape-none \">\n                                <\/div>\n            <\/div>\n        \n<\/section><!-- widget-container -->\t\t\t\t<\/div>\n\t\t\t\t<\/div>\n\t\t\t\t<div class=\"elementor-element elementor-element-7b6cac4 aux-appear-watch-animation aux-fade-in-up-1 elementor-widget elementor-widget-aux_text\" data-id=\"7b6cac4\" data-element_type=\"widget\" data-e-type=\"widget\" data-widget_type=\"aux_text.default\">\n\t\t\t\t<div class=\"elementor-widget-container\">\n\t\t\t\t\t<section class=\"widget-container aux-widget-text aux-parent-au7c686d40\">        <div class=\"aux-widget-advanced-text aux-wrap-style-simple aux-ico-pos-left aux-text-left aux-text-resp- aux-text-color-dark aux-text-widget-bg-center  aux-text-padding-fix \" >\n        \n                            <div class=\"aux-text-widget-header \"  >\n                        <div class=\"aux-ico-box aux-ico-large aux-ico-shape-circle aux-ico-clear \">\n                            <i aria-hidden=\"true\" class=\"aux-ico auxicon auxicon-stamp-streamline\"><\/i>                        <\/div>\n                <\/div>\n            \n            <div class=\"aux-text-inner aux-text-widget-content\">\n                                <h4 class=\"col-title\"><a href=\"https:\/\/zetunas.com\/index.php\/denetim-ve-tasdik-hizmetleri\/\">Denetim ve Tasdik Hizmetleri<\/a><\/h4>\n                                <div class=\"widget-content\">\n                                        <p>Vergi denetim ve tasdik hizmetlerimiz, sizlerin vergi kanunlar\u0131 ile uyum konusunda kendinizi g\u00fcvende hissetmenizi sa\u011flar.<\/p>                <\/div>\n                            <\/div>\n        <\/div>\n                    <div class=\"aux-text-widget-footer\">\n                <div class=\"aux-border-shape-none \">\n                                <\/div>\n            <\/div>\n        \n<\/section><!-- widget-container -->\t\t\t\t<\/div>\n\t\t\t\t<\/div>\n\t\t\t\t<div class=\"elementor-element elementor-element-d92f3c3 aux-appear-watch-animation aux-fade-in-up-1 elementor-widget elementor-widget-aux_text\" data-id=\"d92f3c3\" data-element_type=\"widget\" data-e-type=\"widget\" data-widget_type=\"aux_text.default\">\n\t\t\t\t<div class=\"elementor-widget-container\">\n\t\t\t\t\t<section class=\"widget-container aux-widget-text aux-parent-aub30c53c3\">        <div class=\"aux-widget-advanced-text aux-wrap-style-simple aux-ico-pos-left aux-text-left aux-text-resp- aux-text-color-dark aux-text-widget-bg-center  aux-text-padding-fix \" >\n        \n                            <div class=\"aux-text-widget-header \"  >\n                        <div class=\"aux-ico-box aux-ico-large aux-ico-shape-circle aux-ico-clear \">\n                            <i aria-hidden=\"true\" class=\"aux-ico fas fa-globe\"><\/i>                        <\/div>\n                <\/div>\n            \n            <div class=\"aux-text-inner aux-text-widget-content\">\n                                <h4 class=\"col-title\"><a href=\"https:\/\/zetunas.com\/index.php\/sirket-hukuku-birlesmeler\/\">\u015eirketler Hukuku ve Birle\u015fmeler<\/a><\/h4>\n                                <div class=\"widget-content\">\n                                        <p>Hisse devri, malvarl\u0131\u011f\u0131 sat\u0131\u015f\u0131, \u015firket b\u00f6l\u00fcnmesi, \u015firket birle\u015fmesi alanlar\u0131nda profesyonel deste\u011fimiz ile yan\u0131n\u0131zday\u0131z.<\/p>                <\/div>\n                            <\/div>\n        <\/div>\n                    <div class=\"aux-text-widget-footer\">\n                <div class=\"aux-border-shape-none \">\n                                <\/div>\n            <\/div>\n        \n<\/section><!-- widget-container -->\t\t\t\t<\/div>\n\t\t\t\t<\/div>\n\t\t\t\t<div class=\"elementor-element elementor-element-7478a9a aux-appear-watch-animation aux-fade-in-up-1 elementor-widget elementor-widget-aux_text\" data-id=\"7478a9a\" data-element_type=\"widget\" data-e-type=\"widget\" data-widget_type=\"aux_text.default\">\n\t\t\t\t<div class=\"elementor-widget-container\">\n\t\t\t\t\t<section class=\"widget-container aux-widget-text aux-parent-au014bb671\">        <div class=\"aux-widget-advanced-text aux-wrap-style-simple aux-ico-pos-left aux-text-left aux-text-resp- aux-text-color-dark aux-text-widget-bg-center  aux-text-padding-fix \" >\n        \n                            <div class=\"aux-text-widget-header \"  >\n                        <div class=\"aux-ico-box aux-ico-large aux-ico-shape-circle aux-ico-clear \">\n                            <i aria-hidden=\"true\" class=\"aux-ico auxicon auxicon-explore\"><\/i>                        <\/div>\n                <\/div>\n            \n            <div class=\"aux-text-inner aux-text-widget-content\">\n                                <h4 class=\"col-title\"><a href=\"https:\/\/zetunas.com\/index.php\/yatirim-tesvik-hizmetleri\/\">Yat\u0131r\u0131m Te\u015fvik Hizmetleri<\/a><\/h4>\n                                <div class=\"widget-content\">\n                                        <p>Zaman\u0131nda ve en uygun te\u015fvik unsurlar\u0131n\u0131 hizmetinize sunarak yerel ve uluslararas\u0131 piyasalarda rekabet avantaj\u0131 sa\u011fl\u0131yoruz.<\/p>                <\/div>\n                            <\/div>\n        <\/div>\n                    <div class=\"aux-text-widget-footer\">\n                <div class=\"aux-border-shape-none \">\n                                <\/div>\n            <\/div>\n        \n<\/section><!-- widget-container -->\t\t\t\t<\/div>\n\t\t\t\t<\/div>\n\t\t\t\t\t<\/div>\n\t\t<\/div>\n\t\t\t\t<div class=\"aux-parallax-section elementor-column elementor-col-50 elementor-top-column elementor-element elementor-element-1ddd7b6\" data-id=\"1ddd7b6\" data-element_type=\"column\" data-e-type=\"column\">\n\t\t\t<div class=\"elementor-widget-wrap elementor-element-populated\">\n\t\t\t\t\t\t<div class=\"elementor-element elementor-element-8a781fc aux-appear-watch-animation aux-fade-in-up-1 elementor-widget elementor-widget-aux_text\" data-id=\"8a781fc\" data-element_type=\"widget\" data-e-type=\"widget\" data-widget_type=\"aux_text.default\">\n\t\t\t\t<div class=\"elementor-widget-container\">\n\t\t\t\t\t<section class=\"widget-container aux-widget-text aux-parent-auf09cbb9d\">        <div class=\"aux-widget-advanced-text aux-wrap-style-simple aux-ico-pos-left aux-text-left aux-text-resp- aux-text-color-dark aux-text-widget-bg-center  aux-text-padding-fix \" >\n        \n                            <div class=\"aux-text-widget-header \"  >\n                        <div class=\"aux-ico-box aux-ico-large aux-ico-shape-circle aux-ico-clear \">\n                            <i aria-hidden=\"true\" class=\"aux-ico auxicon auxicon-law\"><\/i>                        <\/div>\n                <\/div>\n            \n            <div class=\"aux-text-inner aux-text-widget-content\">\n                                <h4 class=\"col-title\"><a href=\"https:\/\/zetunas.com\/index.php\/vergi-davalari\/\">Vergi \u0130htilaflar\u0131 ve Davalar\u0131<\/a><\/h4>\n                                <div class=\"widget-content\">\n                                        <p>\u0130\u015f ortaklar\u0131m\u0131z\u0131n vergi incelemeleri ve uyu\u015fmazl\u0131klar\u0131 s\u00fcrecini profesyonel yakla\u015f\u0131m\u0131m\u0131zla en uygun \u015fartlar\u0131 sa\u011flayacak \u015fekilde y\u00f6netiyoruz.<\/p>                <\/div>\n                            <\/div>\n        <\/div>\n                    <div class=\"aux-text-widget-footer\">\n                <div class=\"aux-border-shape-none \">\n                                <\/div>\n            <\/div>\n        \n<\/section><!-- widget-container -->\t\t\t\t<\/div>\n\t\t\t\t<\/div>\n\t\t\t\t<div class=\"elementor-element elementor-element-d9c7789 aux-appear-watch-animation aux-fade-in-up-1 elementor-widget elementor-widget-aux_text\" data-id=\"d9c7789\" data-element_type=\"widget\" data-e-type=\"widget\" data-widget_type=\"aux_text.default\">\n\t\t\t\t<div class=\"elementor-widget-container\">\n\t\t\t\t\t<section class=\"widget-container aux-widget-text aux-parent-aue8be5c81\">        <div class=\"aux-widget-advanced-text aux-wrap-style-simple aux-ico-pos-left aux-text-left aux-text-resp- aux-text-color-dark aux-text-widget-bg-center  aux-text-padding-fix \" >\n        \n                            <div class=\"aux-text-widget-header \"  >\n                        <div class=\"aux-ico-box aux-ico-large aux-ico-shape-circle aux-ico-clear \">\n                                                                <span class=\"aux-ico auxicon-time\" > <\/span>\n                                                            <\/div>\n                <\/div>\n            \n            <div class=\"aux-text-inner aux-text-widget-content\">\n                                <h4 class=\"col-title\"><a href=\"https:\/\/zetunas.com\/index.php\/kdv-otv-hizmetleri\/\">KDV, \u00d6TV Ve Di\u011fer Dolayl\u0131 Vergiler<\/a><\/h4>\n                                <div class=\"widget-content\">\n                                        <p>KDV ve \u00d6TV muafiyet, istisna, indirim ve iade gibi haklar\u0131n zaman\u0131nda yerine getirilmesi i\u00e7in profesyonel deste\u011fimizden yararlanabilirsiniz.<\/p>                <\/div>\n                            <\/div>\n        <\/div>\n                    <div class=\"aux-text-widget-footer\">\n                <div class=\"aux-border-shape-none \">\n                                <\/div>\n            <\/div>\n        \n<\/section><!-- widget-container -->\t\t\t\t<\/div>\n\t\t\t\t<\/div>\n\t\t\t\t<div class=\"elementor-element elementor-element-dc83631 aux-appear-watch-animation aux-fade-in-up-1 elementor-widget elementor-widget-aux_text\" data-id=\"dc83631\" data-element_type=\"widget\" data-e-type=\"widget\" data-widget_type=\"aux_text.default\">\n\t\t\t\t<div class=\"elementor-widget-container\">\n\t\t\t\t\t<section class=\"widget-container aux-widget-text aux-parent-au448d8c68\">        <div class=\"aux-widget-advanced-text aux-wrap-style-simple aux-ico-pos-left aux-text-left aux-text-resp- aux-text-color-dark aux-text-widget-bg-center  aux-text-padding-fix \" >\n        \n                            <div class=\"aux-text-widget-header \"  >\n                        <div class=\"aux-ico-box aux-ico-large aux-ico-shape-circle aux-ico-clear \">\n                            <i aria-hidden=\"true\" class=\"aux-ico auxicon auxicon-computer-imac\"><\/i>                        <\/div>\n                <\/div>\n            \n            <div class=\"aux-text-inner aux-text-widget-content\">\n                                <h4 class=\"col-title\"><a href=\"https:\/\/zetunas.com\/index.php\/muhasebe-mali-sistemler\/\">Muhasebe ve Mali Sistemler<\/a><\/h4>\n                                <div class=\"widget-content\">\n                                        <p>\u0130\u015fletmenize uygun muhasebe ve mali sistemlere y\u00f6nelik yenilik\u00e7i \u00f6nerilerimiz ile yan\u0131n\u0131zday\u0131z.<\/p>                <\/div>\n                            <\/div>\n        <\/div>\n                    <div class=\"aux-text-widget-footer\">\n                <div class=\"aux-border-shape-none \">\n                                <\/div>\n            <\/div>\n        \n<\/section><!-- widget-container -->\t\t\t\t<\/div>\n\t\t\t\t<\/div>\n\t\t\t\t<div class=\"elementor-element elementor-element-03d5aca aux-appear-watch-animation aux-fade-in-up-1 elementor-widget elementor-widget-aux_text\" data-id=\"03d5aca\" data-element_type=\"widget\" data-e-type=\"widget\" data-widget_type=\"aux_text.default\">\n\t\t\t\t<div class=\"elementor-widget-container\">\n\t\t\t\t\t<section class=\"widget-container aux-widget-text aux-parent-aufd07d0e4\">        <div class=\"aux-widget-advanced-text aux-wrap-style-simple aux-ico-pos-left aux-text-left aux-text-resp- aux-text-color-dark aux-text-widget-bg-center  aux-text-padding-fix \" >\n        \n                            <div class=\"aux-text-widget-header \"  >\n                        <div class=\"aux-ico-box aux-ico-large aux-ico-shape-circle aux-ico-clear \">\n                            <i aria-hidden=\"true\" class=\"aux-ico auxicon auxicon-box-2\"><\/i>                        <\/div>\n                <\/div>\n            \n            <div class=\"aux-text-inner aux-text-widget-content\">\n                                <h4 class=\"col-title\"><a href=\"https:\/\/zetunas.com\/index.php\/gumruk-ve-dis-ticaret-danismanligi\/\">G\u00fcmr\u00fck ve D\u0131\u015f Ticaret Dan\u0131\u015fmanl\u0131\u011f\u0131<\/a><\/h4>\n                                <div class=\"widget-content\">\n                                        <p>G\u00fcmr\u00fck ve d\u0131\u015f ticaret i\u015flemlerinizde profesyonel ekibimiz ile destek vermeye haz\u0131r\u0131z.\u00a0<\/p>                <\/div>\n                            <\/div>\n        <\/div>\n                    <div class=\"aux-text-widget-footer\">\n                <div class=\"aux-border-shape-none \">\n                                <\/div>\n            <\/div>\n        \n<\/section><!-- widget-container -->\t\t\t\t<\/div>\n\t\t\t\t<\/div>\n\t\t\t\t\t<\/div>\n\t\t<\/div>\n\t\t\t\t\t<\/div>\n\t\t<\/section>\n\t\t\t\t<\/div>\n\t\t","protected":false},"excerpt":{"rendered":"<p>H\u0130ZMETLER\u0130M\u0130Z \u015eirketler Hukuku ve Birle\u015fmeler \u015eirketler verimlili\u011fi ve karl\u0131l\u0131\u011f\u0131n\u0131 artt\u0131rmak rekabeti azaltmak, hammadde tedarikinin d\u00fczenlili\u011fini sa\u011flamak, masraflar\u0131 azaltmak vb. nedenlerle ba\u015fka bir \u015firketin b\u00fcnyesine dahil olabilir veya birle\u015ferek yeni bir \u015firket olu\u015fturabilirler. Bir \u015firketin y\u00f6netiminin ve kontrol\u00fcn\u00fcn k\u0131smen ya da tamamen ba\u015fka bir \u015firketin kontrol\u00fcne b\u0131rak\u0131lmas\u0131, birle\u015fme ve devralmalar\u0131n ana konusunu olu\u015fturmaktad\u0131r. \u015eirket Birle\u015fmelerinde, \u015firketlerden [&hellip;]<\/p>\n","protected":false},"author":1,"featured_media":0,"parent":0,"menu_order":0,"comment_status":"closed","ping_status":"closed","template":"templates\/page-builder-content.php","meta":{"footnotes":""},"class_list":["post-461","page","type-page","status-publish","hentry"],"_links":{"self":[{"href":"https:\/\/zetunas.com\/index.php\/wp-json\/wp\/v2\/pages\/461","targetHints":{"allow":["GET"]}}],"collection":[{"href":"https:\/\/zetunas.com\/index.php\/wp-json\/wp\/v2\/pages"}],"about":[{"href":"https:\/\/zetunas.com\/index.php\/wp-json\/wp\/v2\/types\/page"}],"author":[{"embeddable":true,"href":"https:\/\/zetunas.com\/index.php\/wp-json\/wp\/v2\/users\/1"}],"replies":[{"embeddable":true,"href":"https:\/\/zetunas.com\/index.php\/wp-json\/wp\/v2\/comments?post=461"}],"version-history":[{"count":13,"href":"https:\/\/zetunas.com\/index.php\/wp-json\/wp\/v2\/pages\/461\/revisions"}],"predecessor-version":[{"id":1119,"href":"https:\/\/zetunas.com\/index.php\/wp-json\/wp\/v2\/pages\/461\/revisions\/1119"}],"wp:attachment":[{"href":"https:\/\/zetunas.com\/index.php\/wp-json\/wp\/v2\/media?parent=461"}],"curies":[{"name":"wp","href":"https:\/\/api.w.org\/{rel}","templated":true}]}}