{"id":334,"date":"2024-05-11T13:41:30","date_gmt":"2024-05-11T13:41:30","guid":{"rendered":"https:\/\/zetunas.com\/?page_id=334"},"modified":"2024-05-11T14:44:27","modified_gmt":"2024-05-11T14:44:27","slug":"vizyonumuz","status":"publish","type":"page","link":"https:\/\/zetunas.com\/index.php\/vizyonumuz\/","title":{"rendered":"Vizyonumuz"},"content":{"rendered":"\t\t<div data-elementor-type=\"wp-page\" data-elementor-id=\"334\" class=\"elementor elementor-334\">\n\t\t\t\t\t\t<section class=\"elementor-section elementor-top-section elementor-element elementor-element-429e55e elementor-section-boxed elementor-section-height-default elementor-section-height-default\" data-id=\"429e55e\" data-element_type=\"section\" data-e-type=\"section\">\n\t\t\t\t\t\t<div class=\"elementor-container elementor-column-gap-wider\">\n\t\t\t\t\t<div class=\"aux-parallax-section elementor-column elementor-col-50 elementor-top-column elementor-element elementor-element-b7802ea\" data-id=\"b7802ea\" data-element_type=\"column\" data-e-type=\"column\">\n\t\t\t<div class=\"elementor-widget-wrap elementor-element-populated\">\n\t\t\t\t\t\t<div class=\"elementor-element elementor-element-46698cd aux-appear-watch-animation aux-fade-in-right-1 elementor-widget elementor-widget-aux_image\" data-id=\"46698cd\" data-element_type=\"widget\" data-e-type=\"widget\" data-widget_type=\"aux_image.default\">\n\t\t\t\t<div class=\"elementor-widget-container\">\n\t\t\t\t\t<section class=\"widget-container aux-widget-image aux-alignnone aux-parent-aua6f6b9a8\">\n    <div class=\"aux-media-hint-frame \">\n        <div class=\"aux-media-image \" >\n        \n            \n\n            \n            <img fetchpriority=\"high\" decoding=\"async\" width=\"750\" height=\"557\" src=\"data:image\/gif;base64,R0lGODlhAQABAIAAAAAAAP\/\/\/yH5BAEAAAAALAAAAAABAAEAAAIBRAA7\" class=\"aux-attachment aux-featured-image aux-attachment-id-360 aux-preload aux-blank\" alt=\"vizyon2\" data-ratio=\"1.35\" data-original-w=\"750\" data-src=\"https:\/\/zetunas.com\/wp-content\/uploads\/2024\/05\/vizyon2.jpg\" \/>            \n                <\/div>\n    <\/div>\n\n<\/section><!-- widget-container -->\t\t\t\t<\/div>\n\t\t\t\t<\/div>\n\t\t\t\t<div class=\"elementor-element elementor-element-f3f0540 aux-appear-watch-animation aux-fade-in-right-1 elementor-widget elementor-widget-aux_image\" data-id=\"f3f0540\" data-element_type=\"widget\" data-e-type=\"widget\" data-widget_type=\"aux_image.default\">\n\t\t\t\t<div class=\"elementor-widget-container\">\n\t\t\t\t\t<section class=\"widget-container aux-widget-image aux-alignnone aux-parent-au4968aaa8\">\n    <div class=\"aux-media-hint-frame \">\n        <div class=\"aux-media-image \" >\n        \n            \n\n            \n                        \n                <\/div>\n    <\/div>\n\n<\/section><!-- widget-container -->\t\t\t\t<\/div>\n\t\t\t\t<\/div>\n\t\t\t\t\t<\/div>\n\t\t<\/div>\n\t\t\t\t<div class=\"aux-parallax-section elementor-column elementor-col-50 elementor-top-column elementor-element elementor-element-7c59b27\" data-id=\"7c59b27\" data-element_type=\"column\" data-e-type=\"column\">\n\t\t\t<div class=\"elementor-widget-wrap elementor-element-populated\">\n\t\t\t\t\t\t<div class=\"elementor-element elementor-element-9806674 aux-appear-watch-animation aux-fade-in-up-1 elementor-widget elementor-widget-aux_modern_heading\" data-id=\"9806674\" data-element_type=\"widget\" data-e-type=\"widget\" data-widget_type=\"aux_modern_heading.default\">\n\t\t\t\t<div class=\"elementor-widget-container\">\n\t\t\t\t\t<section class=\"aux-widget-modern-heading\">\n            <div class=\"aux-widget-inner\"><h6 class=\"aux-modern-heading-primary\"><\/h6><h3 class=\"aux-modern-heading-secondary\"><span class=\"aux-head-before\">Vizyonumuz<\/span><\/h3><div class=\"aux-modern-heading-description\"><p>Mali d\u00fcnyadaki h\u0131zl\u0131 de\u011fi\u015fimlere \u00f6nc\u00fcl\u00fck etmek ve m\u00fc\u015fterilerimize en son teknoloji ve inovasyonu getirmek i\u00e7in s\u00fcrekli olarak geli\u015fen teknolojiyi benimseyerek, finansal s\u00fcre\u00e7lerin optimize edilmesini sa\u011flayan,<\/p><p>M\u00fc\u015fterilerimizin rekabet avantaj\u0131n\u0131 art\u0131racak \u00e7\u00f6z\u00fcmler sunan, m\u00fc\u015fterilerimizin finansal bilinci art\u0131rmak amac\u0131yla e\u011fitim ve bilgi payla\u015f\u0131m\u0131na b\u00fcy\u00fck \u00f6nem veren,<\/p><p>Finansal konulardaki en g\u00fcncel bilgileri m\u00fc\u015fterilerimize aktararak, onlar\u0131n kendi mali hedeflerine daha etkin bir \u015fekilde ula\u015fmalar\u0131na destek olan bir firma olmay\u0131 hedefliyoruz.<\/p><\/div><\/div>\n        <\/section>\t\t\t\t<\/div>\n\t\t\t\t<\/div>\n\t\t\t\t\t<\/div>\n\t\t<\/div>\n\t\t\t\t\t<\/div>\n\t\t<\/section>\n\t\t\t\t<\/div>\n\t\t","protected":false},"excerpt":{"rendered":"<p>Vizyonumuz Mali d\u00fcnyadaki h\u0131zl\u0131 de\u011fi\u015fimlere \u00f6nc\u00fcl\u00fck etmek ve m\u00fc\u015fterilerimize en son teknoloji ve inovasyonu getirmek i\u00e7in s\u00fcrekli olarak geli\u015fen teknolojiyi benimseyerek, finansal s\u00fcre\u00e7lerin optimize edilmesini sa\u011flayan, M\u00fc\u015fterilerimizin rekabet avantaj\u0131n\u0131 art\u0131racak \u00e7\u00f6z\u00fcmler sunan, m\u00fc\u015fterilerimizin finansal bilinci art\u0131rmak amac\u0131yla e\u011fitim ve bilgi payla\u015f\u0131m\u0131na b\u00fcy\u00fck \u00f6nem veren, Finansal konulardaki en g\u00fcncel bilgileri m\u00fc\u015fterilerimize aktararak, onlar\u0131n kendi mali hedeflerine [&hellip;]<\/p>\n","protected":false},"author":1,"featured_media":0,"parent":0,"menu_order":0,"comment_status":"closed","ping_status":"closed","template":"templates\/page-builder-content.php","meta":{"footnotes":""},"class_list":["post-334","page","type-page","status-publish","hentry"],"_links":{"self":[{"href":"https:\/\/zetunas.com\/index.php\/wp-json\/wp\/v2\/pages\/334","targetHints":{"allow":["GET"]}}],"collection":[{"href":"https:\/\/zetunas.com\/index.php\/wp-json\/wp\/v2\/pages"}],"about":[{"href":"https:\/\/zetunas.com\/index.php\/wp-json\/wp\/v2\/types\/page"}],"author":[{"embeddable":true,"href":"https:\/\/zetunas.com\/index.php\/wp-json\/wp\/v2\/users\/1"}],"replies":[{"embeddable":true,"href":"https:\/\/zetunas.com\/index.php\/wp-json\/wp\/v2\/comments?post=334"}],"version-history":[{"count":13,"href":"https:\/\/zetunas.com\/index.php\/wp-json\/wp\/v2\/pages\/334\/revisions"}],"predecessor-version":[{"id":373,"href":"https:\/\/zetunas.com\/index.php\/wp-json\/wp\/v2\/pages\/334\/revisions\/373"}],"wp:attachment":[{"href":"https:\/\/zetunas.com\/index.php\/wp-json\/wp\/v2\/media?parent=334"}],"curies":[{"name":"wp","href":"https:\/\/api.w.org\/{rel}","templated":true}]}}